{"id":1469,"date":"2018-07-23T10:21:36","date_gmt":"2018-07-23T08:21:36","guid":{"rendered":"https:\/\/smag.tech\/meteo-agricole-de-precision\/"},"modified":"2024-11-26T17:27:06","modified_gmt":"2024-11-26T16:27:06","slug":"precision-agricultural-weather","status":"publish","type":"page","link":"https:\/\/smag.tech\/en\/our-software\/crop-protection-yield-forecasts\/precision-agricultural-weather\/","title":{"rendered":"Precision agricultural weather"},"content":{"rendered":"","protected":false},"excerpt":{"rendered":"","protected":false},"author":15,"featured_media":2085,"parent":1565,"menu_order":0,"comment_status":"closed","ping_status":"closed","template":"page-standard.php","meta":{"_acf_changed":false,"footnotes":""},"class_list":["post-1469","page","type-page","status-publish","has-post-thumbnail","hentry"],"acf":[],"yoast_head":"<!-- This site is optimized with the Yoast SEO plugin v27.6 - https:\/\/yoast.com\/product\/yoast-seo-wordpress\/ -->\n<title>Precision agricultural weather - SMAG<\/title>\n<meta name=\"description\" content=\"For all farmers (grain farmers, wine growers, market gardeners, arboriculturists), SMAG offers a complete service of precision agricultural weather\" \/>\n<meta name=\"robots\" content=\"index, follow, max-snippet:-1, max-image-preview:large, max-video-preview:-1\" \/>\n<link rel=\"canonical\" href=\"https:\/\/smag.tech\/en\/our-software\/crop-protection-yield-forecasts\/precision-agricultural-weather\/\" \/>\n<meta property=\"og:locale\" content=\"en_US\" \/>\n<meta property=\"og:type\" content=\"article\" \/>\n<meta property=\"og:title\" content=\"Precision agricultural weather - SMAG\" \/>\n<meta property=\"og:description\" content=\"For all farmers (grain farmers, wine growers, market gardeners, arboriculturists), SMAG offers a complete service of precision agricultural weather\" \/>\n<meta property=\"og:url\" content=\"https:\/\/smag.tech\/en\/our-software\/crop-protection-yield-forecasts\/precision-agricultural-weather\/\" \/>\n<meta property=\"og:site_name\" content=\"SMAG\" \/>\n<meta property=\"article:publisher\" content=\"https:\/\/www.facebook.com\/SmagFarm\/\" \/>\n<meta property=\"article:modified_time\" content=\"2024-11-26T16:27:06+00:00\" \/>\n<meta property=\"og:image\" content=\"https:\/\/en.smag.tech\/wp-content\/uploads\/2018\/08\/M\u00e9t\u00e9o-de-pr\u00e9cision-1024x567.png\" \/>\n\t<meta property=\"og:image:width\" content=\"1024\" \/>\n\t<meta property=\"og:image:height\" content=\"567\" \/>\n\t<meta property=\"og:image:type\" content=\"image\/png\" \/>\n<meta name=\"twitter:card\" content=\"summary_large_image\" \/>\n<meta name=\"twitter:site\" content=\"@SMAG_SmartAgri\" \/>\n<script type=\"application\/ld+json\" class=\"yoast-schema-graph\">{\"@context\":\"https:\\\/\\\/schema.org\",\"@graph\":[{\"@type\":\"WebPage\",\"@id\":\"https:\\\/\\\/smag.tech\\\/en\\\/our-software\\\/crop-protection-yield-forecasts\\\/precision-agricultural-weather\\\/\",\"url\":\"https:\\\/\\\/smag.tech\\\/en\\\/our-software\\\/crop-protection-yield-forecasts\\\/precision-agricultural-weather\\\/\",\"name\":\"Precision agricultural weather - SMAG\",\"isPartOf\":{\"@id\":\"https:\\\/\\\/smag.tech\\\/en\\\/#website\"},\"primaryImageOfPage\":{\"@id\":\"https:\\\/\\\/smag.tech\\\/en\\\/our-software\\\/crop-protection-yield-forecasts\\\/precision-agricultural-weather\\\/#primaryimage\"},\"image\":{\"@id\":\"https:\\\/\\\/smag.tech\\\/en\\\/our-software\\\/crop-protection-yield-forecasts\\\/precision-agricultural-weather\\\/#primaryimage\"},\"thumbnailUrl\":\"https:\\\/\\\/smag.tech\\\/wp-content\\\/uploads\\\/2018\\\/08\\\/M\u00e9t\u00e9o-de-pr\u00e9cision.png\",\"datePublished\":\"2018-07-23T08:21:36+00:00\",\"dateModified\":\"2024-11-26T16:27:06+00:00\",\"description\":\"For all farmers (grain farmers, wine growers, market gardeners, arboriculturists), SMAG offers a complete service of precision agricultural weather\",\"breadcrumb\":{\"@id\":\"https:\\\/\\\/smag.tech\\\/en\\\/our-software\\\/crop-protection-yield-forecasts\\\/precision-agricultural-weather\\\/#breadcrumb\"},\"inLanguage\":\"en-US\",\"potentialAction\":[{\"@type\":\"ReadAction\",\"target\":[\"https:\\\/\\\/smag.tech\\\/en\\\/our-software\\\/crop-protection-yield-forecasts\\\/precision-agricultural-weather\\\/\"]}]},{\"@type\":\"ImageObject\",\"inLanguage\":\"en-US\",\"@id\":\"https:\\\/\\\/smag.tech\\\/en\\\/our-software\\\/crop-protection-yield-forecasts\\\/precision-agricultural-weather\\\/#primaryimage\",\"url\":\"https:\\\/\\\/smag.tech\\\/wp-content\\\/uploads\\\/2018\\\/08\\\/M\u00e9t\u00e9o-de-pr\u00e9cision.png\",\"contentUrl\":\"https:\\\/\\\/smag.tech\\\/wp-content\\\/uploads\\\/2018\\\/08\\\/M\u00e9t\u00e9o-de-pr\u00e9cision.png\",\"width\":1480,\"height\":820,\"caption\":\"M\u00e9t\u00e9o agricole de pr\u00e9cision\"},{\"@type\":\"BreadcrumbList\",\"@id\":\"https:\\\/\\\/smag.tech\\\/en\\\/our-software\\\/crop-protection-yield-forecasts\\\/precision-agricultural-weather\\\/#breadcrumb\",\"itemListElement\":[{\"@type\":\"ListItem\",\"position\":1,\"name\":\"Home\",\"item\":\"https:\\\/\\\/en.smag.tech\\\/en\\\/\"},{\"@type\":\"ListItem\",\"position\":2,\"name\":\"Our software\",\"item\":\"https:\\\/\\\/en.smag.tech\\\/en\\\/our-software\\\/\"},{\"@type\":\"ListItem\",\"position\":3,\"name\":\"Crop protection &#038; Yield forecasts\",\"item\":\"https:\\\/\\\/en.smag.tech\\\/en\\\/our-software\\\/crop-protection-yield-forecasts\\\/\"},{\"@type\":\"ListItem\",\"position\":4,\"name\":\"Precision agricultural weather\"}]},{\"@type\":\"WebSite\",\"@id\":\"https:\\\/\\\/smag.tech\\\/en\\\/#website\",\"url\":\"https:\\\/\\\/smag.tech\\\/en\\\/\",\"name\":\"SMAG\",\"description\":\"Agricultural softwares\",\"potentialAction\":[{\"@type\":\"SearchAction\",\"target\":{\"@type\":\"EntryPoint\",\"urlTemplate\":\"https:\\\/\\\/smag.tech\\\/en\\\/?s={search_term_string}\"},\"query-input\":{\"@type\":\"PropertyValueSpecification\",\"valueRequired\":true,\"valueName\":\"search_term_string\"}}],\"inLanguage\":\"en-US\"}]}<\/script>\n<!-- \/ Yoast SEO plugin. -->","yoast_head_json":{"title":"Precision agricultural weather - SMAG","description":"For all farmers (grain farmers, wine growers, market gardeners, arboriculturists), SMAG offers a complete service of precision agricultural weather","robots":{"index":"index","follow":"follow","max-snippet":"max-snippet:-1","max-image-preview":"max-image-preview:large","max-video-preview":"max-video-preview:-1"},"canonical":"https:\/\/smag.tech\/en\/our-software\/crop-protection-yield-forecasts\/precision-agricultural-weather\/","og_locale":"en_US","og_type":"article","og_title":"Precision agricultural weather - SMAG","og_description":"For all farmers (grain farmers, wine growers, market gardeners, arboriculturists), SMAG offers a complete service of precision agricultural weather","og_url":"https:\/\/smag.tech\/en\/our-software\/crop-protection-yield-forecasts\/precision-agricultural-weather\/","og_site_name":"SMAG","article_publisher":"https:\/\/www.facebook.com\/SmagFarm\/","article_modified_time":"2024-11-26T16:27:06+00:00","og_image":[{"width":1024,"height":567,"url":"https:\/\/en.smag.tech\/wp-content\/uploads\/2018\/08\/M\u00e9t\u00e9o-de-pr\u00e9cision-1024x567.png","type":"image\/png"}],"twitter_card":"summary_large_image","twitter_site":"@SMAG_SmartAgri","schema":{"@context":"https:\/\/schema.org","@graph":[{"@type":"WebPage","@id":"https:\/\/smag.tech\/en\/our-software\/crop-protection-yield-forecasts\/precision-agricultural-weather\/","url":"https:\/\/smag.tech\/en\/our-software\/crop-protection-yield-forecasts\/precision-agricultural-weather\/","name":"Precision agricultural weather - SMAG","isPartOf":{"@id":"https:\/\/smag.tech\/en\/#website"},"primaryImageOfPage":{"@id":"https:\/\/smag.tech\/en\/our-software\/crop-protection-yield-forecasts\/precision-agricultural-weather\/#primaryimage"},"image":{"@id":"https:\/\/smag.tech\/en\/our-software\/crop-protection-yield-forecasts\/precision-agricultural-weather\/#primaryimage"},"thumbnailUrl":"https:\/\/smag.tech\/wp-content\/uploads\/2018\/08\/M\u00e9t\u00e9o-de-pr\u00e9cision.png","datePublished":"2018-07-23T08:21:36+00:00","dateModified":"2024-11-26T16:27:06+00:00","description":"For all farmers (grain farmers, wine growers, market gardeners, arboriculturists), SMAG offers a complete service of precision agricultural weather","breadcrumb":{"@id":"https:\/\/smag.tech\/en\/our-software\/crop-protection-yield-forecasts\/precision-agricultural-weather\/#breadcrumb"},"inLanguage":"en-US","potentialAction":[{"@type":"ReadAction","target":["https:\/\/smag.tech\/en\/our-software\/crop-protection-yield-forecasts\/precision-agricultural-weather\/"]}]},{"@type":"ImageObject","inLanguage":"en-US","@id":"https:\/\/smag.tech\/en\/our-software\/crop-protection-yield-forecasts\/precision-agricultural-weather\/#primaryimage","url":"https:\/\/smag.tech\/wp-content\/uploads\/2018\/08\/M\u00e9t\u00e9o-de-pr\u00e9cision.png","contentUrl":"https:\/\/smag.tech\/wp-content\/uploads\/2018\/08\/M\u00e9t\u00e9o-de-pr\u00e9cision.png","width":1480,"height":820,"caption":"M\u00e9t\u00e9o agricole de pr\u00e9cision"},{"@type":"BreadcrumbList","@id":"https:\/\/smag.tech\/en\/our-software\/crop-protection-yield-forecasts\/precision-agricultural-weather\/#breadcrumb","itemListElement":[{"@type":"ListItem","position":1,"name":"Home","item":"https:\/\/en.smag.tech\/en\/"},{"@type":"ListItem","position":2,"name":"Our software","item":"https:\/\/en.smag.tech\/en\/our-software\/"},{"@type":"ListItem","position":3,"name":"Crop protection &#038; Yield forecasts","item":"https:\/\/en.smag.tech\/en\/our-software\/crop-protection-yield-forecasts\/"},{"@type":"ListItem","position":4,"name":"Precision agricultural weather"}]},{"@type":"WebSite","@id":"https:\/\/smag.tech\/en\/#website","url":"https:\/\/smag.tech\/en\/","name":"SMAG","description":"Agricultural softwares","potentialAction":[{"@type":"SearchAction","target":{"@type":"EntryPoint","urlTemplate":"https:\/\/smag.tech\/en\/?s={search_term_string}"},"query-input":{"@type":"PropertyValueSpecification","valueRequired":true,"valueName":"search_term_string"}}],"inLanguage":"en-US"}]}},"_links":{"self":[{"href":"https:\/\/smag.tech\/en\/wp-json\/wp\/v2\/pages\/1469","targetHints":{"allow":["GET"]}}],"collection":[{"href":"https:\/\/smag.tech\/en\/wp-json\/wp\/v2\/pages"}],"about":[{"href":"https:\/\/smag.tech\/en\/wp-json\/wp\/v2\/types\/page"}],"author":[{"embeddable":true,"href":"https:\/\/smag.tech\/en\/wp-json\/wp\/v2\/users\/15"}],"replies":[{"embeddable":true,"href":"https:\/\/smag.tech\/en\/wp-json\/wp\/v2\/comments?post=1469"}],"version-history":[{"count":0,"href":"https:\/\/smag.tech\/en\/wp-json\/wp\/v2\/pages\/1469\/revisions"}],"up":[{"embeddable":true,"href":"https:\/\/smag.tech\/en\/wp-json\/wp\/v2\/pages\/1565"}],"wp:featuredmedia":[{"embeddable":true,"href":"https:\/\/smag.tech\/en\/wp-json\/wp\/v2\/media\/2085"}],"wp:attachment":[{"href":"https:\/\/smag.tech\/en\/wp-json\/wp\/v2\/media?parent=1469"}],"curies":[{"name":"wp","href":"https:\/\/api.w.org\/{rel}","templated":true}]}}